{"id":4866,"date":"2026-01-29T14:06:22","date_gmt":"2026-01-29T13:06:22","guid":{"rendered":"https:\/\/belshoe.be\/nl\/?page_id=4866"},"modified":"2026-01-29T15:03:40","modified_gmt":"2026-01-29T14:03:40","slug":"gelattto","status":"publish","type":"page","link":"https:\/\/belshoe.be\/nl\/?page_id=4866","title":{"rendered":"GELATTTO"},"content":{"rendered":"<div class=\"wp-block-image\">\n<figure class=\"alignleft size-large is-resized\"><a href=\"https:\/\/belshoe.be\/nl\/wp-content\/uploads\/2026\/01\/GALATTTO.png\"><img decoding=\"async\" loading=\"lazy\" src=\"https:\/\/belshoe.be\/nl\/wp-content\/uploads\/2026\/01\/GALATTTO-1024x541.png\" alt=\"\" class=\"wp-image-4869\" width=\"325\" height=\"171\" srcset=\"https:\/\/belshoe.be\/nl\/wp-content\/uploads\/2026\/01\/GALATTTO-1024x541.png 1024w, https:\/\/belshoe.be\/nl\/wp-content\/uploads\/2026\/01\/GALATTTO-300x158.png 300w, https:\/\/belshoe.be\/nl\/wp-content\/uploads\/2026\/01\/GALATTTO-768x405.png 768w, https:\/\/belshoe.be\/nl\/wp-content\/uploads\/2026\/01\/GALATTTO.png 1108w\" sizes=\"(max-width: 325px) 100vw, 325px\" \/><\/a><\/figure><\/div>\n\n\n<p><\/p>\n\n\n\n<p><\/p>\n\n\n\n<p><\/p>\n\n\n\n<p><\/p>\n\n\n\n<p>ARTIKELEN MET ANATOMISCHE GEL-INLEGZOLEN GELATTTO<br>ANATOMISCH VOETBED VAN GEL MET STEUN VOOR DE VOETBOOG, METATARSALE STEUN, TEENSTOP EN HIELKAP.<br>WERKZAAM BIJ ZWARE EN VERMOEIDE BENEN, HELPT DE SPANNING IN RUG EN KNIE\u00cbN TE VERLICHTEN.<br>STIMULEERT DE MICROCIRCULATIE IN DE BENEN, \u00c9\u00c9N VAN DE OORZAKEN VAN CELLULITIS.<br>THERMOREGULERENDE GEL VAN DE NIEUWSTE GENERATIE.<\/p>\n\n\n\n<p>Art. ARCOBALENO<\/p>\n\n\n\n<figure class=\"wp-block-image size-full is-resized\"><a href=\"https:\/\/belshoe.be\/nl\/wp-content\/uploads\/2026\/01\/Capture-decran-2025-06-17-135108.png\"><img decoding=\"async\" loading=\"lazy\" src=\"https:\/\/belshoe.be\/nl\/wp-content\/uploads\/2026\/01\/Capture-decran-2025-06-17-135108.png\" alt=\"\" class=\"wp-image-4872\" width=\"421\" height=\"298\" srcset=\"https:\/\/belshoe.be\/nl\/wp-content\/uploads\/2026\/01\/Capture-decran-2025-06-17-135108.png 692w, https:\/\/belshoe.be\/nl\/wp-content\/uploads\/2026\/01\/Capture-decran-2025-06-17-135108-300x212.png 300w\" sizes=\"(max-width: 421px) 100vw, 421px\" \/><\/a><\/figure>\n\n\n\n<p>ANATOMISCH VOETBED, METATARSALE STEUN, HIELPAD. NUTTIG BIJ HAKKEN, FASCIITIS, PIJNLIJKE VOETEN. NUTTIG BIJ GEZWOLLEN, VERMOEIDE BENEN EN BIJ VOCHTRETENTIE. ZE HELPEN DE MICROCIRCULATIE IN DE BENEN TE STIMULEREN.<br>VERSTELBAAR MET GESPEN OF KLITTENBAND VOOR EEN BETERE PASVORM. TECHNISCHE VOERINGEN VOOR BETERE THERMOREGULATIE IN ALLE SEIZOENEN.<\/p>\n\n\n\n<p>Art. WOODSTOCK<\/p>\n\n\n\n<figure class=\"wp-block-image size-large\"><a href=\"https:\/\/belshoe.be\/nl\/wp-content\/uploads\/2026\/01\/WOODSTOCK-ROUGE.jpg\"><img decoding=\"async\" loading=\"lazy\" width=\"718\" height=\"1024\" src=\"https:\/\/belshoe.be\/nl\/wp-content\/uploads\/2026\/01\/WOODSTOCK-ROUGE-718x1024.jpg\" alt=\"\" class=\"wp-image-4873\" srcset=\"https:\/\/belshoe.be\/nl\/wp-content\/uploads\/2026\/01\/WOODSTOCK-ROUGE-718x1024.jpg 718w, https:\/\/belshoe.be\/nl\/wp-content\/uploads\/2026\/01\/WOODSTOCK-ROUGE-210x300.jpg 210w, https:\/\/belshoe.be\/nl\/wp-content\/uploads\/2026\/01\/WOODSTOCK-ROUGE-768x1095.jpg 768w, https:\/\/belshoe.be\/nl\/wp-content\/uploads\/2026\/01\/WOODSTOCK-ROUGE.jpg 870w\" sizes=\"(max-width: 718px) 100vw, 718px\" \/><\/a><\/figure>\n\n\n<div class=\"wp-block-image\">\n<figure class=\"aligncenter size-full\"><a href=\"https:\/\/belshoe.be\/nl\/wp-content\/uploads\/2026\/01\/Capture-decran-2026-01-29-150017.png\"><img decoding=\"async\" loading=\"lazy\" width=\"447\" height=\"106\" src=\"https:\/\/belshoe.be\/nl\/wp-content\/uploads\/2026\/01\/Capture-decran-2026-01-29-150017.png\" alt=\"\" class=\"wp-image-4876\" srcset=\"https:\/\/belshoe.be\/nl\/wp-content\/uploads\/2026\/01\/Capture-decran-2026-01-29-150017.png 447w, https:\/\/belshoe.be\/nl\/wp-content\/uploads\/2026\/01\/Capture-decran-2026-01-29-150017-300x71.png 300w\" sizes=\"(max-width: 447px) 100vw, 447px\" \/><\/a><\/figure><\/div>\n\n\n<figure class=\"wp-block-image size-full is-resized\"><a href=\"https:\/\/belshoe.be\/nl\/wp-content\/uploads\/2026\/01\/Capture-decran-2026-01-29-150208.png\"><img decoding=\"async\" loading=\"lazy\" src=\"https:\/\/belshoe.be\/nl\/wp-content\/uploads\/2026\/01\/Capture-decran-2026-01-29-150208.png\" alt=\"\" class=\"wp-image-4878\" width=\"357\" height=\"118\"\/><\/a><\/figure>\n\n\n\n<figure class=\"wp-block-image size-large\"><a href=\"https:\/\/belshoe.be\/nl\/wp-content\/uploads\/2026\/01\/Windows-Panel-Gocce-Vida-FR.jpg\"><img decoding=\"async\" loading=\"lazy\" width=\"724\" height=\"1024\" src=\"https:\/\/belshoe.be\/nl\/wp-content\/uploads\/2026\/01\/Windows-Panel-Gocce-Vida-FR-724x1024.jpg\" alt=\"\" class=\"wp-image-4880\" srcset=\"https:\/\/belshoe.be\/nl\/wp-content\/uploads\/2026\/01\/Windows-Panel-Gocce-Vida-FR-724x1024.jpg 724w, https:\/\/belshoe.be\/nl\/wp-content\/uploads\/2026\/01\/Windows-Panel-Gocce-Vida-FR-212x300.jpg 212w, https:\/\/belshoe.be\/nl\/wp-content\/uploads\/2026\/01\/Windows-Panel-Gocce-Vida-FR-768x1086.jpg 768w, https:\/\/belshoe.be\/nl\/wp-content\/uploads\/2026\/01\/Windows-Panel-Gocce-Vida-FR-1086x1536.jpg 1086w, https:\/\/belshoe.be\/nl\/wp-content\/uploads\/2026\/01\/Windows-Panel-Gocce-Vida-FR-1448x2048.jpg 1448w, https:\/\/belshoe.be\/nl\/wp-content\/uploads\/2026\/01\/Windows-Panel-Gocce-Vida-FR.jpg 1754w\" sizes=\"(max-width: 724px) 100vw, 724px\" \/><\/a><\/figure>\n","protected":false},"excerpt":{"rendered":"<p>ARTIKELEN MET ANATOMISCHE GEL-INLEGZOLEN GELATTTOANATOMISCH VOETBED VAN GEL MET STEUN VOOR DE VOETBOOG, METATARSALE STEUN, TEENSTOP EN HIELKAP.WERKZAAM BIJ ZWARE EN VERMOEIDE BENEN, HELPT DE [&#8230;]<\/p>\n","protected":false},"author":2,"featured_media":0,"parent":0,"menu_order":0,"comment_status":"closed","ping_status":"closed","template":"","meta":[],"_links":{"self":[{"href":"https:\/\/belshoe.be\/nl\/index.php?rest_route=\/wp\/v2\/pages\/4866"}],"collection":[{"href":"https:\/\/belshoe.be\/nl\/index.php?rest_route=\/wp\/v2\/pages"}],"about":[{"href":"https:\/\/belshoe.be\/nl\/index.php?rest_route=\/wp\/v2\/types\/page"}],"author":[{"embeddable":true,"href":"https:\/\/belshoe.be\/nl\/index.php?rest_route=\/wp\/v2\/users\/2"}],"replies":[{"embeddable":true,"href":"https:\/\/belshoe.be\/nl\/index.php?rest_route=%2Fwp%2Fv2%2Fcomments&post=4866"}],"version-history":[{"count":6,"href":"https:\/\/belshoe.be\/nl\/index.php?rest_route=\/wp\/v2\/pages\/4866\/revisions"}],"predecessor-version":[{"id":4881,"href":"https:\/\/belshoe.be\/nl\/index.php?rest_route=\/wp\/v2\/pages\/4866\/revisions\/4881"}],"wp:attachment":[{"href":"https:\/\/belshoe.be\/nl\/index.php?rest_route=%2Fwp%2Fv2%2Fmedia&parent=4866"}],"curies":[{"name":"wp","href":"https:\/\/api.w.org\/{rel}","templated":true}]}}